{"id":130,"date":"2013-05-27T21:11:25","date_gmt":"2013-05-27T19:11:25","guid":{"rendered":"http:\/\/www.vwpolo6n.de\/marc\/?page_id=130"},"modified":"2014-07-21T19:23:40","modified_gmt":"2014-07-21T17:23:40","slug":"mein-spas","status":"publish","type":"page","link":"https:\/\/www.vwpolo6n.de\/marc\/mein-spas\/","title":{"rendered":"Gti-Spa\u00dfpolo"},"content":{"rendered":"<p>TODO 2014:<\/p>\n<ul>\n<li>H&amp;R Mono Tube tiefe Version aufarbeiten<\/li>\n<li>H&amp;R Stabi verbauen<\/li>\n<li>H&amp;R Sturzschrauben verbauen<\/li>\n<li>GTI Lenkung<\/li>\n<li>Steuerger\u00e4t auf Nockenwellen optimiert<\/li>\n<li>F\u00e4cherkr\u00fcmmer vom Polo Gti CUP<\/li>\n<li>Metallkat vom G3 VR6 von Leistritz<\/li>\n<\/ul>\n<p>&nbsp;<\/p>\n<p>Bilder 2007<\/p>\n<p><a href=\"https:\/\/www.vwpolo6n.de\/marc\/wp-content\/uploads\/2013\/05\/CIMG2508.jpg\"><img loading=\"lazy\" decoding=\"async\" class=\"alignnone size-medium wp-image-155\" src=\"https:\/\/www.vwpolo6n.de\/marc\/wp-content\/uploads\/2013\/05\/CIMG2508-300x225.jpg\" alt=\"CIMG2508\" width=\"300\" height=\"225\" \/><\/a> <a href=\"https:\/\/www.vwpolo6n.de\/marc\/wp-content\/uploads\/2013\/05\/CIMG2509.jpg\"><img loading=\"lazy\" decoding=\"async\" class=\"alignnone size-medium wp-image-156\" src=\"https:\/\/www.vwpolo6n.de\/marc\/wp-content\/uploads\/2013\/05\/CIMG2509-300x225.jpg\" alt=\"CIMG2509\" width=\"300\" height=\"225\" \/><\/a> <a href=\"https:\/\/www.vwpolo6n.de\/marc\/wp-content\/uploads\/2013\/05\/CIMG2510.jpg\"><img loading=\"lazy\" decoding=\"async\" class=\"alignnone size-medium wp-image-157\" src=\"https:\/\/www.vwpolo6n.de\/marc\/wp-content\/uploads\/2013\/05\/CIMG2510-300x225.jpg\" alt=\"CIMG2510\" width=\"300\" height=\"225\" \/><\/a> <a href=\"https:\/\/www.vwpolo6n.de\/marc\/wp-content\/uploads\/2013\/05\/CIMG2511.jpg\"><img loading=\"lazy\" decoding=\"async\" class=\"alignnone size-medium wp-image-158\" src=\"https:\/\/www.vwpolo6n.de\/marc\/wp-content\/uploads\/2013\/05\/CIMG2511-300x225.jpg\" alt=\"CIMG2511\" width=\"300\" height=\"225\" \/><\/a> <a href=\"https:\/\/www.vwpolo6n.de\/marc\/wp-content\/uploads\/2013\/05\/CIMG2512.jpg\"><img loading=\"lazy\" decoding=\"async\" class=\"alignnone size-medium wp-image-159\" src=\"https:\/\/www.vwpolo6n.de\/marc\/wp-content\/uploads\/2013\/05\/CIMG2512-300x225.jpg\" alt=\"CIMG2512\" width=\"300\" height=\"225\" \/><\/a> <a href=\"https:\/\/www.vwpolo6n.de\/marc\/wp-content\/uploads\/2013\/05\/CIMG2513.jpg\"><img loading=\"lazy\" decoding=\"async\" class=\"alignnone size-medium wp-image-160\" src=\"https:\/\/www.vwpolo6n.de\/marc\/wp-content\/uploads\/2013\/05\/CIMG2513-300x225.jpg\" alt=\"CIMG2513\" width=\"300\" height=\"225\" \/><\/a> <a href=\"https:\/\/www.vwpolo6n.de\/marc\/wp-content\/uploads\/2013\/05\/CIMG2516.jpg\"><img loading=\"lazy\" decoding=\"async\" class=\"alignnone size-medium wp-image-161\" src=\"https:\/\/www.vwpolo6n.de\/marc\/wp-content\/uploads\/2013\/05\/CIMG2516-300x225.jpg\" alt=\"CIMG2516\" width=\"300\" height=\"225\" \/><\/a><\/p>\n<p>Bilder 2008<\/p>\n<p><a href=\"https:\/\/www.vwpolo6n.de\/marc\/wp-content\/uploads\/2013\/05\/CIMG4456.jpg\"><img loading=\"lazy\" decoding=\"async\" class=\"alignnone size-medium wp-image-150\" src=\"https:\/\/www.vwpolo6n.de\/marc\/wp-content\/uploads\/2013\/05\/CIMG4456-300x225.jpg\" alt=\"CIMG4456\" width=\"300\" height=\"225\" srcset=\"https:\/\/www.vwpolo6n.de\/marc\/wp-content\/uploads\/2013\/05\/CIMG4456-300x225.jpg 300w, https:\/\/www.vwpolo6n.de\/marc\/wp-content\/uploads\/2013\/05\/CIMG4456-1024x768.jpg 1024w, https:\/\/www.vwpolo6n.de\/marc\/wp-content\/uploads\/2013\/05\/CIMG4456-624x468.jpg 624w\" sizes=\"auto, (max-width: 300px) 100vw, 300px\" \/><\/a><a href=\"https:\/\/www.vwpolo6n.de\/marc\/wp-content\/uploads\/2013\/05\/CIMG4451.jpg\"><img loading=\"lazy\" decoding=\"async\" class=\"alignnone size-medium wp-image-147\" src=\"https:\/\/www.vwpolo6n.de\/marc\/wp-content\/uploads\/2013\/05\/CIMG4451-300x225.jpg\" alt=\"CIMG4451\" width=\"300\" height=\"225\" \/><\/a> <a href=\"https:\/\/www.vwpolo6n.de\/marc\/wp-content\/uploads\/2013\/05\/CIMG4452.jpg\"><img loading=\"lazy\" decoding=\"async\" class=\"alignnone size-medium wp-image-148\" src=\"https:\/\/www.vwpolo6n.de\/marc\/wp-content\/uploads\/2013\/05\/CIMG4452-300x225.jpg\" alt=\"CIMG4452\" width=\"300\" height=\"225\" \/><\/a><\/p>\n<p>&nbsp;<\/p>\n<p>&nbsp;<\/p>\n<p>&nbsp;<\/p>\n<p>&nbsp;<\/p>\n<p>&nbsp;<\/p>\n<p>&nbsp;<\/p>\n<p>Bilder 2009<\/p>\n<p><a href=\"https:\/\/www.vwpolo6n.de\/marc\/wp-content\/uploads\/2013\/05\/CIMG5060.jpg\"><img loading=\"lazy\" decoding=\"async\" class=\"alignnone size-medium wp-image-138\" src=\"https:\/\/www.vwpolo6n.de\/marc\/wp-content\/uploads\/2013\/05\/CIMG5060-300x225.jpg\" alt=\"CIMG5060\" width=\"300\" height=\"225\" srcset=\"https:\/\/www.vwpolo6n.de\/marc\/wp-content\/uploads\/2013\/05\/CIMG5060-300x225.jpg 300w, https:\/\/www.vwpolo6n.de\/marc\/wp-content\/uploads\/2013\/05\/CIMG5060-1024x768.jpg 1024w, https:\/\/www.vwpolo6n.de\/marc\/wp-content\/uploads\/2013\/05\/CIMG5060-624x468.jpg 624w\" sizes=\"auto, (max-width: 300px) 100vw, 300px\" \/><\/a><\/p>\n<p><a href=\"https:\/\/www.vwpolo6n.de\/marc\/wp-content\/uploads\/2013\/05\/CIMG5061.jpg\"><img loading=\"lazy\" decoding=\"async\" class=\"alignnone size-medium wp-image-139\" src=\"https:\/\/www.vwpolo6n.de\/marc\/wp-content\/uploads\/2013\/05\/CIMG5061-300x225.jpg\" alt=\"CIMG5061\" width=\"300\" height=\"225\" srcset=\"https:\/\/www.vwpolo6n.de\/marc\/wp-content\/uploads\/2013\/05\/CIMG5061-300x225.jpg 300w, https:\/\/www.vwpolo6n.de\/marc\/wp-content\/uploads\/2013\/05\/CIMG5061-1024x768.jpg 1024w, https:\/\/www.vwpolo6n.de\/marc\/wp-content\/uploads\/2013\/05\/CIMG5061-624x468.jpg 624w\" sizes=\"auto, (max-width: 300px) 100vw, 300px\" \/><\/a> <a href=\"https:\/\/www.vwpolo6n.de\/marc\/wp-content\/uploads\/2013\/05\/CIMG5063.jpg\"><img loading=\"lazy\" decoding=\"async\" class=\"alignnone size-medium wp-image-140\" src=\"https:\/\/www.vwpolo6n.de\/marc\/wp-content\/uploads\/2013\/05\/CIMG5063-300x225.jpg\" alt=\"CIMG5063\" width=\"300\" height=\"225\" srcset=\"https:\/\/www.vwpolo6n.de\/marc\/wp-content\/uploads\/2013\/05\/CIMG5063-300x225.jpg 300w, https:\/\/www.vwpolo6n.de\/marc\/wp-content\/uploads\/2013\/05\/CIMG5063-1024x768.jpg 1024w, https:\/\/www.vwpolo6n.de\/marc\/wp-content\/uploads\/2013\/05\/CIMG5063-624x468.jpg 624w\" sizes=\"auto, (max-width: 300px) 100vw, 300px\" \/><\/a> <a href=\"https:\/\/www.vwpolo6n.de\/marc\/wp-content\/uploads\/2013\/05\/CIMG5065.jpg\"><img loading=\"lazy\" decoding=\"async\" class=\"alignnone size-medium wp-image-141\" src=\"https:\/\/www.vwpolo6n.de\/marc\/wp-content\/uploads\/2013\/05\/CIMG5065-300x225.jpg\" alt=\"CIMG5065\" width=\"300\" height=\"225\" srcset=\"https:\/\/www.vwpolo6n.de\/marc\/wp-content\/uploads\/2013\/05\/CIMG5065-300x225.jpg 300w, https:\/\/www.vwpolo6n.de\/marc\/wp-content\/uploads\/2013\/05\/CIMG5065-1024x768.jpg 1024w, https:\/\/www.vwpolo6n.de\/marc\/wp-content\/uploads\/2013\/05\/CIMG5065-624x468.jpg 624w\" sizes=\"auto, (max-width: 300px) 100vw, 300px\" \/><\/a> <a href=\"https:\/\/www.vwpolo6n.de\/marc\/wp-content\/uploads\/2013\/05\/CIMG5066.jpg\"><img loading=\"lazy\" decoding=\"async\" class=\"alignnone size-medium wp-image-142\" src=\"https:\/\/www.vwpolo6n.de\/marc\/wp-content\/uploads\/2013\/05\/CIMG5066-300x225.jpg\" alt=\"CIMG5066\" width=\"300\" height=\"225\" srcset=\"https:\/\/www.vwpolo6n.de\/marc\/wp-content\/uploads\/2013\/05\/CIMG5066-300x225.jpg 300w, https:\/\/www.vwpolo6n.de\/marc\/wp-content\/uploads\/2013\/05\/CIMG5066-1024x768.jpg 1024w, https:\/\/www.vwpolo6n.de\/marc\/wp-content\/uploads\/2013\/05\/CIMG5066-624x468.jpg 624w\" sizes=\"auto, (max-width: 300px) 100vw, 300px\" \/><\/a><\/p>\n<p>Probefahren OZ in 7&#215;16<\/p>\n<p><a href=\"https:\/\/www.vwpolo6n.de\/marc\/wp-content\/uploads\/2013\/05\/CIMG5070.jpg\"><img loading=\"lazy\" decoding=\"async\" class=\"alignnone size-medium wp-image-152\" src=\"https:\/\/www.vwpolo6n.de\/marc\/wp-content\/uploads\/2013\/05\/CIMG5070-300x225.jpg\" alt=\"CIMG5070\" width=\"300\" height=\"225\" srcset=\"https:\/\/www.vwpolo6n.de\/marc\/wp-content\/uploads\/2013\/05\/CIMG5070-300x225.jpg 300w, https:\/\/www.vwpolo6n.de\/marc\/wp-content\/uploads\/2013\/05\/CIMG5070-1024x768.jpg 1024w, https:\/\/www.vwpolo6n.de\/marc\/wp-content\/uploads\/2013\/05\/CIMG5070-624x468.jpg 624w\" sizes=\"auto, (max-width: 300px) 100vw, 300px\" \/><\/a><\/p>\n<p>Bilder 2010<\/p>\n<p>&nbsp;<\/p>\n<p><a href=\"https:\/\/www.vwpolo6n.de\/marc\/wp-content\/uploads\/2013\/05\/DSCI0046.jpg\"><img loading=\"lazy\" decoding=\"async\" class=\"alignnone size-medium wp-image-144\" src=\"https:\/\/www.vwpolo6n.de\/marc\/wp-content\/uploads\/2013\/05\/DSCI0046-300x225.jpg\" alt=\"4.0M DigitalCAM\" width=\"300\" height=\"225\" srcset=\"https:\/\/www.vwpolo6n.de\/marc\/wp-content\/uploads\/2013\/05\/DSCI0046-300x225.jpg 300w, https:\/\/www.vwpolo6n.de\/marc\/wp-content\/uploads\/2013\/05\/DSCI0046-1024x768.jpg 1024w, https:\/\/www.vwpolo6n.de\/marc\/wp-content\/uploads\/2013\/05\/DSCI0046-624x468.jpg 624w, https:\/\/www.vwpolo6n.de\/marc\/wp-content\/uploads\/2013\/05\/DSCI0046.jpg 1600w\" sizes=\"auto, (max-width: 300px) 100vw, 300px\" \/><\/a> <a href=\"https:\/\/www.vwpolo6n.de\/marc\/wp-content\/uploads\/2013\/05\/DSCI0047.jpg\"><img loading=\"lazy\" decoding=\"async\" class=\"alignnone size-medium wp-image-145\" src=\"https:\/\/www.vwpolo6n.de\/marc\/wp-content\/uploads\/2013\/05\/DSCI0047-300x225.jpg\" alt=\"4.0M DigitalCAM\" width=\"300\" height=\"225\" srcset=\"https:\/\/www.vwpolo6n.de\/marc\/wp-content\/uploads\/2013\/05\/DSCI0047-300x225.jpg 300w, https:\/\/www.vwpolo6n.de\/marc\/wp-content\/uploads\/2013\/05\/DSCI0047-1024x768.jpg 1024w, https:\/\/www.vwpolo6n.de\/marc\/wp-content\/uploads\/2013\/05\/DSCI0047-624x468.jpg 624w, https:\/\/www.vwpolo6n.de\/marc\/wp-content\/uploads\/2013\/05\/DSCI0047.jpg 1600w\" sizes=\"auto, (max-width: 300px) 100vw, 300px\" \/><\/a> <a href=\"https:\/\/www.vwpolo6n.de\/marc\/wp-content\/uploads\/2013\/05\/DSCI0048.jpg\"><img loading=\"lazy\" decoding=\"async\" class=\"alignnone size-medium wp-image-146\" src=\"https:\/\/www.vwpolo6n.de\/marc\/wp-content\/uploads\/2013\/05\/DSCI0048-300x225.jpg\" alt=\"4.0M DigitalCAM\" width=\"300\" height=\"225\" srcset=\"https:\/\/www.vwpolo6n.de\/marc\/wp-content\/uploads\/2013\/05\/DSCI0048-300x225.jpg 300w, https:\/\/www.vwpolo6n.de\/marc\/wp-content\/uploads\/2013\/05\/DSCI0048-1024x768.jpg 1024w, https:\/\/www.vwpolo6n.de\/marc\/wp-content\/uploads\/2013\/05\/DSCI0048-624x468.jpg 624w, https:\/\/www.vwpolo6n.de\/marc\/wp-content\/uploads\/2013\/05\/DSCI0048.jpg 1600w\" sizes=\"auto, (max-width: 300px) 100vw, 300px\" \/><\/a><\/p>\n<p>&nbsp;<\/p>\n<p>&nbsp;<\/p>\n","protected":false},"excerpt":{"rendered":"<p>TODO 2014: H&amp;R Mono Tube tiefe Version aufarbeiten H&amp;R Stabi verbauen H&amp;R Sturzschrauben verbauen GTI Lenkung Steuerger\u00e4t auf Nockenwellen optimiert F\u00e4cherkr\u00fcmmer vom Polo Gti CUP Metallkat vom G3 VR6 von Leistritz &nbsp; Bilder 2007 Bilder 2008 &nbsp; &nbsp; &nbsp; &nbsp; &nbsp; &nbsp; Bilder 2009 Probefahren OZ in 7&#215;16 Bilder 2010 &nbsp; &nbsp; &nbsp;<\/p>\n","protected":false},"author":1,"featured_media":0,"parent":0,"menu_order":0,"comment_status":"closed","ping_status":"open","template":"","meta":{"footnotes":""},"class_list":["post-130","page","type-page","status-publish","hentry"],"_links":{"self":[{"href":"https:\/\/www.vwpolo6n.de\/marc\/wp-json\/wp\/v2\/pages\/130","targetHints":{"allow":["GET"]}}],"collection":[{"href":"https:\/\/www.vwpolo6n.de\/marc\/wp-json\/wp\/v2\/pages"}],"about":[{"href":"https:\/\/www.vwpolo6n.de\/marc\/wp-json\/wp\/v2\/types\/page"}],"author":[{"embeddable":true,"href":"https:\/\/www.vwpolo6n.de\/marc\/wp-json\/wp\/v2\/users\/1"}],"replies":[{"embeddable":true,"href":"https:\/\/www.vwpolo6n.de\/marc\/wp-json\/wp\/v2\/comments?post=130"}],"version-history":[{"count":8,"href":"https:\/\/www.vwpolo6n.de\/marc\/wp-json\/wp\/v2\/pages\/130\/revisions"}],"predecessor-version":[{"id":363,"href":"https:\/\/www.vwpolo6n.de\/marc\/wp-json\/wp\/v2\/pages\/130\/revisions\/363"}],"wp:attachment":[{"href":"https:\/\/www.vwpolo6n.de\/marc\/wp-json\/wp\/v2\/media?parent=130"}],"curies":[{"name":"wp","href":"https:\/\/api.w.org\/{rel}","templated":true}]}}